{"id":93,"date":"2024-08-27T09:32:07","date_gmt":"2024-08-27T09:32:07","guid":{"rendered":"https:\/\/parijs.kempenhorst.nl\/?page_id=93"},"modified":"2025-09-04T12:33:20","modified_gmt":"2025-09-04T12:33:20","slug":"algemene-voorwaarden-buitenlandreizen-2024-2025","status":"publish","type":"page","link":"https:\/\/parijs.kempenhorst.nl\/?page_id=93","title":{"rendered":"Algemene voorwaarden buitenlandreizen 2025-2026"},"content":{"rendered":"\n<ol class=\"wp-block-list\">\n<li>De deelnemende leerling heeft de plicht om bij vertrek en gedurende de reis in het bezit te<br>zijn van de benodigde reisdocumenten; zoals een geldig paspoort (Engeland) of een<br>identiteitskaart. Twijfelt u aan de juistheid van de documenten, raadpleeg dan de site van de<br>Rijksoverheid.<\/li>\n\n\n\n<li>Leerlingen schrijven zich met maximaal 4 personen voor een reis in. Als elke leerling uit<br>deze groep dezelfde namen invult, komen deze leerlingen in dezelfde reis.<\/li>\n\n\n\n<li>Leerlingen moeten 3 keuzes opgeven. We proberen alle leerlingen te plaatsen in keuze 1<br>of 2. Als we door het aantal aanmeldingen leerlingen moeten plaatsen in keuze 3 wordt er<br>contact opgenomen met de ouder(s)\/verzorger(s). In dat geval kan een leerling alsnog<br>beslissen zich terug te trekken.<\/li>\n\n\n\n<li>Inschrijven is slechts \u00e9\u00e9n keer mogelijk. Het is daarom van groot belang dat de gegevens<br>juist zijn. Aanpassingen zijn niet mogelijk. Om deze reden vragen wij u om samen met uw kind<br>de inschrijving in te vullen. Mochten er gegevens ontbreken of onjuist zijn, en dit tot extra<br>kosten leiden voor de reisorganisator en\/of bemiddelaar, mogen die kosten bij<br>desbetreffende ouder(s)\/verzorger(s) in rekening worden gebracht. Na sluiting van de<br>inschrijving zal het boekingsproces in gang worden gezet. Het is daarom na plaatsing niet<br>meer mogelijk van reis te veranderen.<\/li>\n\n\n\n<li>Wanneer een leerling zich middels de online inschrijving aanmeldt voor een reis en door<br>ouders akkoord wordt gegaan met de Algemene Voorwaarden is men tot deelname verplicht.<br>Vanaf dat moment wordt het boekingsproces in gang gezet en worden er kosten gemaakt.<br>Deze kosten worden ook in rekening gebracht op het moment dat een leerling om ongeldige<br>redenen niet langer deelneemt aan een door hem\/haar gekozen reis.<\/li>\n\n\n\n<li>De genoemde prijzen zijn onder voorbehoud van druk- of zetfouten en\/of onvoorziene<br>omstandigheden. Vervoer per bus en\/of boot, overnachtingen in gedegen accommodaties,<br>entreegelden voor musea en\/of andere bezienswaardigheden, ontbijt en diner, transfer<br>aldaar per bus, boot, trein en\/of metro, noodoplossingen bij calamiteiten, visa en andere<br>toeslagen, begeleiding en informatieverstrekking en eventuele gidsen zijn bij de prijs<br>inbegrepen.<\/li>\n\n\n\n<li>De bedragen zijn exclusief eventueel zakgeld. Een leerling mag zakgeld meenemen en heeft<br>aan \u20ac100 genoeg. Leerlingen moeten zelf voor de lunch zorgen. Dit geldt voor alle reizen, met<br>uitzondering van Oostenrijk. Daar zijn de lunches inbegrepen en hebben de leerlingen genoeg<br>aan \u20ac50 zakgeld.<\/li>\n\n\n\n<li>Met ingang van het schooljaar 2021-2022 zijn per wet de regels rondom de vrijwillige<br>ouderbijdrage veranderd. Dat betekent concreet dat als ouders de bijdrage niet voldoen, de<br>leerling toch kan deelnemen aan de uitgekozen reis. Voortgezet Onderwijs Best-Oirschot<br>heeft bepaald dat indien 10% van het aantal deelnemers voor \u00e9\u00e9n bestemming niet betaalt,<br>de reis niet doorgaat. De leerlingen die w\u00e9l betaald hebben, mogen dan ook NIET over de<br>andere reizen verdeeld worden. Zij moeten in dat geval deelnemen aan het<br>thuisblijversprogramma.<\/li>\n\n\n\n<li>Indien er sprake is van een nijpende financi\u00eble situatie kunnen ouder(s)\/verzorger(s) dit<br>aangeven op het inschrijfformulier. De school neemt daarna contact met<br>ouder(s)\/verzorger(s) op om een passende betalingsregeling te treffen.<\/li>\n\n\n\n<li>Door akkoord te gaan met de algemene voorwaarden gaat u tevens akkoord met het<br>gedragsprotocol voor deelnemende leerlingen aan de internationale reizen in het schooljaar<br>2024-2025. Deelnemende leerlingen nemen vooraf kennis van een protocol met regels<br>omtrent gedrag, aanwezigheid, alcohol en drugs. Desbetreffend protocol is al per mail naar u<br>verzonden. U kunt dit protocol ook vinden op het Intranet voor ouders en leerlingen.<\/li>\n\n\n\n<li>Ondanks het feit dat co\u00f6rdinatoren, reisleiders, begeleidende docenten en anderen zich in<br>zullen zetten voor een vlekkeloos verloop van de buitenlandreis, zijn nooit alle situaties en<br>persoonlijke omstandigheden in Algemene Voorwaarden te ondervangen. Mochten zich<br>onverwachte situaties of persoonlijke omstandigheden voordoen die in dit schrijven niet<br>worden gedekt, zal in geest van deze Algemene Voorwaarden en naar de missie van<br>Voortgezet Onderwijs Best-Oirschot worden gehandeld.<\/li>\n<\/ol>\n","protected":false},"excerpt":{"rendered":"","protected":false},"author":1,"featured_media":0,"parent":0,"menu_order":0,"comment_status":"closed","ping_status":"closed","template":"","meta":{"footnotes":""},"class_list":["post-93","page","type-page","status-publish","hentry"],"_links":{"self":[{"href":"https:\/\/parijs.kempenhorst.nl\/index.php?rest_route=\/wp\/v2\/pages\/93","targetHints":{"allow":["GET"]}}],"collection":[{"href":"https:\/\/parijs.kempenhorst.nl\/index.php?rest_route=\/wp\/v2\/pages"}],"about":[{"href":"https:\/\/parijs.kempenhorst.nl\/index.php?rest_route=\/wp\/v2\/types\/page"}],"author":[{"embeddable":true,"href":"https:\/\/parijs.kempenhorst.nl\/index.php?rest_route=\/wp\/v2\/users\/1"}],"replies":[{"embeddable":true,"href":"https:\/\/parijs.kempenhorst.nl\/index.php?rest_route=%2Fwp%2Fv2%2Fcomments&post=93"}],"version-history":[{"count":3,"href":"https:\/\/parijs.kempenhorst.nl\/index.php?rest_route=\/wp\/v2\/pages\/93\/revisions"}],"predecessor-version":[{"id":166,"href":"https:\/\/parijs.kempenhorst.nl\/index.php?rest_route=\/wp\/v2\/pages\/93\/revisions\/166"}],"wp:attachment":[{"href":"https:\/\/parijs.kempenhorst.nl\/index.php?rest_route=%2Fwp%2Fv2%2Fmedia&parent=93"}],"curies":[{"name":"wp","href":"https:\/\/api.w.org\/{rel}","templated":true}]}}